{"id":6,"date":"2013-04-08T13:43:52","date_gmt":"2013-04-08T13:43:52","guid":{"rendered":"http:\/\/conferences.la.utexas.edu\/naisa2014\/?page_id=6"},"modified":"2013-11-10T20:07:48","modified_gmt":"2013-11-10T20:07:48","slug":"call-for-papers","status":"publish","type":"page","link":"https:\/\/conferences.la.utexas.edu\/naisa2014\/call-for-papers\/","title":{"rendered":"Call for Papers"},"content":{"rendered":"<p><a href=\"#convo\">Para leer la convocatoria en espa\u00f1ol, haz click aqu\u00ed<\/a>.<\/p>\n<p><strong>DEADLINE to submit your abstract \/ proposal HAS BEEN EXTENDED TO November 18, 2013, midnight U.S. Pacific time: a Monday night, from Nov 15 a Friday night, to better address any last-minute queries or needs for technical support.<\/strong><\/p>\n<p style=\"text-align: left\" align=\"center\">NATIVE AMERICAN &amp; INDIGENOUS STUDIES ASSOCIATION<\/p>\n<p style=\"text-align: left\" align=\"center\"><b>NAISA<\/b><\/p>\n<p style=\"text-align: left\" align=\"center\">CALL FOR PAPERS<\/p>\n<p style=\"text-align: left\" align=\"center\">for the<\/p>\n<p style=\"text-align: left\" align=\"center\">SIXTH ANNUAL MEETING<\/p>\n<p style=\"text-align: left\" align=\"center\">AUSTIN, TEXAS<\/p>\n<p style=\"text-align: left\" align=\"center\">Hosted by the University of Texas at Austin<\/p>\n<p style=\"text-align: left\" align=\"center\"><b>May 29-31, 2014<\/b><\/p>\n<p style=\"text-align: left\" align=\"center\">The NAISA Council invites scholars working in Native American and Indigenous Studies to submit proposals for:<\/p>\n<p style=\"text-align: left\" align=\"center\">Individual papers, panel sessions, roundtables, or film screenings.<\/p>\n<p style=\"text-align: left\" align=\"center\">All persons working in Native American and Indigenous Studies are invited and encouraged to apply.\u00a0 Proposals are welcome from faculty and students in colleges, universities, and tribal colleges; from community-based scholars and elders; and from professionals working in the field.<\/p>\n<p style=\"text-align: left\" align=\"center\"><b>All those <span style=\"text-decoration: underline\">accepted<\/span> to the Program must be a NAISA <span style=\"text-decoration: underline\">member <\/span>and must <span style=\"text-decoration: underline\">register<\/span> for the meeting.<\/b><\/p>\n<p style=\"text-align: left\" align=\"center\"><b>PLEASE NOTE:<\/b> The Council limits submissions to <b>one proposed session per person,<\/b> in order to maximize representation at the meetings.\u00a0 Each person can only be part of one proposal of any kind.\u00a0 The Council reserves the right to disqualify proposals that include individuals who are part of more than one proposal.\u00a0 <i>Someone may however, be proposed to both <\/i>Chair and present <i>or<\/i> Chair and comment <b><i>within one session<\/i><\/b>. Also, someone may organize a panel in which s\/he does not have an active role and would be able to present a paper or chair\/comment at another time in the program. The Council may recruit panel chairs and commentators from people on successful proposals.<\/p>\n<p style=\"text-align: left\" align=\"center\"><b>GO TO naisa.org for more information about NAISA and the Austin 2014 meeting or email: NAISA2014UTAUSTIN@GMAIL.COM<\/b><\/p>\n<p style=\"text-align: left\" align=\"center\"><b>Only complete proposals submitted through the online Abstract Collector before the deadline will receive consideration<\/b><\/p>\n<p style=\"text-align: left\" align=\"center\"><b>Detailed instructions for submitting proposals will be available on both websites by September 1, 2013<\/b><\/p>\n<p style=\"text-align: left\" align=\"center\">DEADLINE to submit your abstract \/ proposal HAS BEEN EXTENDED TO November 18, 2013, midnight U.S. Pacific time: a Monday night, from Nov 15 a Friday night, to better address any last-minute queries or needs for technical support.<\/p>\n<p><strong>Please read the instructions and the Checklist BEFORE you submit your abstract. Thank you!<\/strong><\/p>\n<ul>\n<li><a href=\"http:\/\/naisa.usask.ca\/docs\/abstract_instructions-TsL-10-30-2012.pdf\" target=\"_blank\">Instructions Abstract Submission<\/a><\/li>\n<li><a href=\"http:\/\/naisa.usask.ca\/docs\/Checklist-for-Preparing-Abstracts-for-NAISA.pdf\" target=\"_blank\">Checklist for Preparing Abstracts for NAISA<\/a><\/li>\n<li><a href=\"http:\/\/naisa.usask.ca\/docs\/Suggestions-for-Professional-Paper-Presentations-v2.pdf\" target=\"_blank\">Suggestions for Professional Paper Presentations<\/a><\/li>\n<\/ul>\n<p><a name=\"convo\"><\/a><\/p>\n<p align=\"center\">NATIVE AMERICAN &amp; INDIGENOUS STUDIES ASSOCIATION<\/p>\n<p align=\"center\"><b>NAISA<\/b><\/p>\n<p align=\"center\"><b>CONVOCATORIA PARA PROPUESTAS<\/b><\/p>\n<p align=\"center\"><b>Para la Sexta Conferencia Anual<\/b><\/p>\n<p align=\"center\">Patrocinada por la University of Texas at Austin<\/p>\n<p align=\"center\">AUSTIN, TEXAS<\/p>\n<p align=\"center\"><b>29, 30 y 31 de mayo de 2014<\/b><\/p>\n<p>El Consejo de NAISA convoca a investigadores(as) del campo de los Estudios Ind\u00edgenas y Nativo Americanos a enviar propuestas para:<\/p>\n<p align=\"center\">ponencias individuales, paneles, mesas redondas o pel\u00edculas.<\/p>\n<p align=\"center\">Se invita propuestas de acad\u00e9micos(as) y estudiantes de universidades y colegios tribales, de investigadores(as) y autoridades de comunidades o pueblos ind\u00edgenas, y de profesionales trabajando en este campo de estudios.<\/p>\n<p align=\"center\"><b>De ser aceptadas sus propuestas, deben <span style=\"text-decoration: underline\">hacerse miembros<\/span> de NAISA<\/b><\/p>\n<p align=\"center\"><b>\u00a0y registrarse para la conferencia.<\/b><\/p>\n<p><b>Favor de Tener en Cuenta:<\/b> El Consejo limita los env\u00edos a <b>una propuesta por persona, <\/b>con el objetivo de<b> <\/b>ampliar la representaci\u00f3n en la conferencia. Cada persona puede solamente participar con una propuesta, del tipo que sea. El Consejo se reserva el derecho a descalificar propuestas que incluyan a individuos que presenten m\u00e1s de una propuesta. <i>Sin embargo, alguien pudiera<\/i> postularse: o para Encargado(a) de un Panel y ponente; o para Encargado(a) de un Panel y comentarista, <b>dentro de una sesi\u00f3n.<\/b> Tambi\u00e9n, una persona pudiera organizar un panel en el cual no juega un rol activo y podr\u00eda as\u00ed presentar un ensayo, o ser Encargado(a) de un Panel, o ser comentarista, en otra sesi\u00f3n en el programa. El Consejo puediera reclutar Encargados(as) de Paneles o comentaristas entre participantes con propuestas\u00a0 aceptadas.<\/p>\n<p>&nbsp;<\/p>\n<p align=\"center\"><b>FAVOR IR A: <a href=\"http:\/\/naisa.org\/\">http:\/\/naisa.org\/<\/a> para m\u00e1s informaci\u00f3n sobre NAISA <\/b><\/p>\n<p align=\"center\"><b>y para la presente conferencia en Austin el 2014, ir a: <a href=\"http:\/\/conferences.la.utexas.edu\/naisa2014\/\">http:\/\/conferences.la.utexas.edu\/naisa2014\/<\/a><\/b><\/p>\n<p align=\"center\"><b>o enviar un correo electr\u00f3nico a: NAISA2014UTAUSTIN@GMAIL.COM<\/b><\/p>\n<p align=\"center\"><b>\u00a0<\/b><\/p>\n<p align=\"center\"><b>Solamente se considerar\u00e1n propuestas completas enviadas antes de la fecha l\u00edmite a trav\u00e9s del Colector de Res\u00famenes (Abstract Collector) disponible en l\u00ednea. Instrucciones detalladas para el env\u00edo de propuestas estar\u00e1n disponibles el 1 de septiembre de 2013 en los sitios web arriba consignados. <\/b><\/p>\n<p align=\"center\"><b>FECHA LIMITE para env\u00edo de propuestas: 18 DE NOVIEMBRE DE 2013<\/b><\/p>\n","protected":false},"excerpt":{"rendered":"<p>Para leer la convocatoria en espa\u00f1ol, haz click aqu\u00ed. DEADLINE to submit your abstract \/ proposal HAS BEEN EXTENDED TO November 18, 2013, midnight U.S. Pacific time: a Monday night, from Nov 15 a Friday night, to better address any last-minute queries or needs for technical support. NATIVE AMERICAN &amp; INDIGENOUS STUDIES ASSOCIATION NAISA CALL [&hellip;]<\/p>\n","protected":false},"author":2,"featured_media":0,"parent":0,"menu_order":0,"comment_status":"open","ping_status":"open","template":"","meta":{"_uag_custom_page_level_css":"","footnotes":""},"class_list":["post-6","page","type-page","status-publish","hentry","entry"],"uagb_featured_image_src":{"full":false,"thumbnail":false,"medium":false,"medium_large":false,"large":false,"1536x1536":false,"2048x2048":false,"square-image":false,"landscape-image":false,"profile-image":false,"single-featured":false,"large-profile-image":false},"uagb_author_info":{"display_name":"sgv287","author_link":"https:\/\/conferences.la.utexas.edu\/naisa2014\/author\/sgv287\/"},"uagb_comment_info":0,"uagb_excerpt":"Para leer la convocatoria en espa\u00f1ol, haz click aqu\u00ed. DEADLINE to submit your abstract \/ proposal HAS BEEN EXTENDED TO November 18, 2013, midnight U.S. Pacific time: a Monday night, from Nov 15 a Friday night, to better address any last-minute queries or needs for technical support. NATIVE AMERICAN &amp; INDIGENOUS STUDIES ASSOCIATION NAISA CALL&hellip;","_links":{"self":[{"href":"https:\/\/conferences.la.utexas.edu\/naisa2014\/wp-json\/wp\/v2\/pages\/6","targetHints":{"allow":["GET"]}}],"collection":[{"href":"https:\/\/conferences.la.utexas.edu\/naisa2014\/wp-json\/wp\/v2\/pages"}],"about":[{"href":"https:\/\/conferences.la.utexas.edu\/naisa2014\/wp-json\/wp\/v2\/types\/page"}],"author":[{"embeddable":true,"href":"https:\/\/conferences.la.utexas.edu\/naisa2014\/wp-json\/wp\/v2\/users\/2"}],"replies":[{"embeddable":true,"href":"https:\/\/conferences.la.utexas.edu\/naisa2014\/wp-json\/wp\/v2\/comments?post=6"}],"version-history":[{"count":7,"href":"https:\/\/conferences.la.utexas.edu\/naisa2014\/wp-json\/wp\/v2\/pages\/6\/revisions"}],"predecessor-version":[{"id":422,"href":"https:\/\/conferences.la.utexas.edu\/naisa2014\/wp-json\/wp\/v2\/pages\/6\/revisions\/422"}],"wp:attachment":[{"href":"https:\/\/conferences.la.utexas.edu\/naisa2014\/wp-json\/wp\/v2\/media?parent=6"}],"curies":[{"name":"wp","href":"https:\/\/api.w.org\/{rel}","templated":true}]}}