{"id":92,"date":"2019-01-11T23:09:47","date_gmt":"2019-01-11T23:09:47","guid":{"rendered":"http:\/\/conferences.la.utexas.edu\/orality-literacy-xiii\/?page_id=92"},"modified":"2019-04-03T20:13:31","modified_gmt":"2019-04-03T20:13:31","slug":"program-and-conference-schedule","status":"publish","type":"page","link":"https:\/\/conferences.la.utexas.edu\/orality-literacy-xiii\/program-and-conference-schedule\/","title":{"rendered":"Program and conference schedule"},"content":{"rendered":"\n<p>Except as noted, all paper sessions and meals will take place in RLP 1.302B, University of Texas at Austin (305 East 23rd Street, Austin, TX)<\/p>\n\n\n\n<p>There is NO registration fee or advance notification required. All paper sessions are free and open to the public.<br><br>Papers will be 25-30 minutes long, with 5-10 minutes for questions immediately after each paper. <br><\/p>\n\n\n\n<p class=\"has-background has-cyan-bluish-gray-background-color\"><strong>Wednesday, 27\nMarch<\/strong><\/p>\n\n\n\n<p>5-6 p.m., Opening reception (Littlefield House, 302 West\n24th Street, Austin, TX)<\/p>\n\n\n\n<p>Conference\nmaterials will be available at the opening reception and at breakfast on\nThursday (map, name tags, etc); there is no formal registration process as\nsuch.<\/p>\n\n\n\n<p class=\"has-background has-pale-cyan-blue-background-color\">7:30-9 p.m., Welcome and keynote address, RLP 0.102<\/p>\n\n\n\n<p><\/p>\n\n\n\n<p>Welcome: Dean Randy Diehl, College of Liberal Arts, University of Texas at Austin<\/p>\n\n\n\n<p>Ruth Scodel (University of Michigan) &#8220;<a href=\"https:\/\/utexas.box.com\/shared\/static\/3f84yovyvpcpdkhdhfjsn5faml0vernz.mp4\">Reperformance, Writing, and the Boundaries of Literature<\/a>&#8220;<\/p>\n\n\n\n<p class=\"has-background has-luminous-vivid-amber-background-color\"><strong>Thursday, 28 March<\/strong>\n<\/p>\n\n\n\n<p>9:30-10:15 a.m., breakfast<\/p>\n\n\n\n<p>10:15-10:30 a.m., Introduction and greetings: Deborah Beck, conference organizer<\/p>\n\n\n\n<p>10:30 a.m.-12:30 p.m., Abrahamic religions: Steve Friesen (University of Texas at Austin), chair<\/p>\n\n\n\n<ul class=\"wp-block-list\"><li>Ray Person (Ohio Northern University) \u201c<a rel=\"noreferrer noopener\" href=\"https:\/\/utexas.box.com\/s\/k7920t1qaa1plqi3i39rz0zbwlt5rr0n\" target=\"_blank\">Harmonizations in the Pentateuch and Synoptic Gospels: Repetition and Category Triggering within Scribal Memory<\/a>\u201d<\/li><li>George Archer (Iowa State University) \u201c<a rel=\"noreferrer noopener\" href=\"https:\/\/utexas.box.com\/s\/3nmx9gqmxiy9wisbmttk9dl1ikqjnlzk\" target=\"_blank\">The Quranic Repetition of Psalm 90, or \u2018Reading where the pages are white.<\/a>\u2018\u201d<\/li><li>Pamela Klasova (Bowdoin College) \u201c<a rel=\"noreferrer noopener\" href=\"https:\/\/utexas.box.com\/s\/f6yom6rqzf7y6ib9uwha3qikctg07p98\" target=\"_blank\">Public Speech in Early Islam: The Case of al-\u1e24ajj\u0101j b. Y\u016bsuf al-Thaqaf\u012b, the Umayyad Governor of Iraq<\/a>\u201d<\/li><\/ul>\n\n\n\n<p>12:30-2 p.m., lunch<\/p>\n\n\n\n<p>2-4 p.m., Homer: Sarah Nooter (University of Chicago), chair<\/p>\n\n\n\n<ul class=\"wp-block-list\"><li>Alexander Forte (Colgate University) \u201c<a rel=\"noreferrer noopener\" href=\"https:\/\/utexas.box.com\/s\/l6jltlqb8mqmde4r0j32kt2075i690yi\" target=\"_blank\">Subtle Tuples: A Cognitive Analysis of Numbered Repetitions in Homeric Epic<\/a>\u201d<\/li><li>Fran\u00e7oise L\u00e9toublon (Universit\u00e9 Stendhal, Grenoble) \u201c<a rel=\"noreferrer noopener\" href=\"https:\/\/utexas.box.com\/s\/c023xm8kdhnft5ggiba8308vhxqfss86\" target=\"_blank\">Repetition, tradition and fiction: the story of Ulysses hunting in the mountains of Parnassus<\/a>\u201d<\/li><li>Elizabeth Minchin, Elizabeth (Australia National University) \u201c<a rel=\"noreferrer noopener\" href=\"https:\/\/utexas.box.com\/s\/7sw77zndsrvytd7vofslgl5p1sd3kedi\" target=\"_blank\">The creation of a storyrealm: the role of repetition in Homeric epic and Oswald\u2019s <em>Memorial<\/em><\/a>\u201d<\/li><li><\/li><\/ul>\n\n\n\n<p>4-4:15 p.m., break<\/p>\n\n\n\n<p>4:15-5:30 p.m., Greek poetry: Christopher Faraone (University of Chicago), chair<\/p>\n\n\n\n<ul class=\"wp-block-list\"><li>David Bouvier (Universit\u00e9 de Lausanne) \u201c<a rel=\"noreferrer noopener\" href=\"https:\/\/utexas.box.com\/s\/tu20twfohx7tdkmqetk3p7kb7rkg8fin\" target=\"_blank\">Repetition and Rupture: Xenophanes versus Homer<\/a>\u201d<\/li><li>Stephen White (University of Texas at Austin) \u201c<a rel=\"noreferrer noopener\" href=\"https:\/\/utexas.box.com\/s\/76dov6vp92lveqwwqoy8d849xe8eief3\" target=\"_blank\">Resonant Presence in Callimachus\u2019 <em>Hymn to Apollo<\/em><\/a>\u201d<\/li><\/ul>\n\n\n\n<p>Dinner on your own<\/p>\n\n\n\n<p class=\"has-background has-pale-pink-background-color\"><strong>Friday, 29 March<\/strong>\n<\/p>\n\n\n\n<p>10 a.m.-2 p.m., Optional excursion to the LBJ Presidential Library and lunch<\/p>\n\n\n\n<p>2:30-3:45 p.m., Greek philosophy: Stephen White (University of Texas at Austin), chair<\/p>\n\n\n\n<ul class=\"wp-block-list\"><li>Xavier Gheerbrant (Sichuan University \u2013 China) \u201c<a rel=\"noreferrer noopener\" href=\"https:\/\/utexas.box.com\/s\/wxpmrztxcb3o8gozvt9qserycezp7qzy\" target=\"_blank\">Repetition in early Greek philosophical poetry<\/a>\u201d<\/li><li>Rodrigo Verano (Universidad Aut\u00f3noma de Madrid) \u201c<a rel=\"noreferrer noopener\" href=\"https:\/\/utexas.box.com\/s\/nn9o8e05c7afmj9716xpg7jrmvquyoe3\" target=\"_blank\">Repetition and Fictive Orality in Plato\u2019s Dialogues<\/a>\u201d<\/li><\/ul>\n\n\n\n<p>3:45-4 p.m., break<\/p>\n\n\n\n<p>4-5:15 p.m., oratory:  Michael Gagarin (University of Texas at Austin), chair<\/p>\n\n\n\n<ul class=\"wp-block-list\"><li>Judson Herrman (Allegheny College) \u201c<a rel=\"noreferrer noopener\" href=\"https:\/\/utexas.box.com\/s\/ccmek6hhaxrw66mlolt42bzybolsmqp1\" target=\"_blank\">Repetition among the Attic Orators<\/a>\u201d<\/li><li>Rachel Zelnick-Abramovitz (Tel Aviv University) \u201c<a rel=\"noreferrer noopener\" href=\"https:\/\/utexas.box.com\/s\/sirh3z7lnox91isr2oqv9epzpz6r9en4\" target=\"_blank\">Repetition and Memory in the Attic Forensic Orations<\/a>\u201c<\/li><\/ul>\n\n\n\n<p>Dinner on your own<\/p>\n\n\n\n<p class=\"has-background has-light-green-cyan-background-color\"><strong>Saturday, 30 March<\/strong>\n<\/p>\n\n\n\n<p>8:30-9 a.m., breakfast<\/p>\n\n\n\n<p>9-10:15 a.m., Sappho: Lesley Dean-Jones (University of Texas at Austin), chair<\/p>\n\n\n\n<ul class=\"wp-block-list\"><li>Sarah Nooter (University of Chicago) \u201c<a rel=\"noreferrer noopener\" href=\"https:\/\/utexas.box.com\/s\/t1vjoke3c8xzc1dxq83dn12pzan6l8kh\" target=\"_blank\">Sappho and the Eternal Return of Desire<\/a>\u201d<\/li><li>Peter O\u2019Connell (University of Georgia) \u201c<a rel=\"noreferrer noopener\" href=\"https:\/\/utexas.box.com\/s\/lw152qsb168s7g2eq2p0zrimqqsij1dq\" target=\"_blank\">Repetition and the Creation of \u2018Sappho\u2019<\/a>\u201d<\/li><\/ul>\n\n\n\n<p>10:15-10:30 a.m., break<\/p>\n\n\n\n<p>10:30 a.m.-12:30 p.m., Latin literature: Andrew Riggsby (University of Texas at Austin), chair<\/p>\n\n\n\n<ul class=\"wp-block-list\"><li>Caleb Dance (Washington and Lee University) \u201c<em><a rel=\"noreferrer noopener\" href=\"https:\/\/utexas.box.com\/s\/rf93epvbji3vms2zis7mmk3n0aisg5ro\" target=\"_blank\">Versus Incompositus: Improvisation and the Rustic Roots of Latin Poetry<\/a><\/em>\u201d<\/li><li>Caol\u00e1n Mac an Aircinn (University of Texas at Austin) \u201c<a rel=\"noreferrer noopener\" href=\"https:\/\/utexas.box.com\/s\/ancn9aocb0eo0p9hoy5pe1wowkuzwzox\" target=\"_blank\">Breaking and Remaking Terence: the Politics of the Terentian Authorship Debate<\/a>\u201d<\/li><li>Niall Slater (Emory University) \u201c<a rel=\"noreferrer noopener\" href=\"https:\/\/utexas.box.com\/s\/276wkfme1du8tv8llhutykij64pxutwj\" target=\"_blank\">Repetition, Improvisation, and Parody: Eumolpus Re-Takes Troy in Petronius\u2019s <em>Satyrica<\/em> 83-90<\/a>\u201d<\/li><\/ul>\n\n\n\n<p>12:30-2:30 p.m., Homer lunchtime poster session: Ruth Scodel (University of Michigan), facilitator<\/p>\n\n\n\n<ul class=\"wp-block-list\"><li>Justin Arft (University of Tennessee) \u201c<a rel=\"noreferrer noopener\" href=\"https:\/\/utexas.box.com\/s\/qrxm7owxgmda5woppoy4gje2q48a82wc\" target=\"_blank\">Repetition or Recurrence? A Traditional Use for \u1f04\u03bd\u03b4\u03c1\u03b5\u03c3\u03c3\u03b9 \u03bc\u03b5\u03bb\u03ae\u03c3\u03b5\u03b9 in Archaic Greek Poetry<\/a>\u201d<\/li><li>Emily Austin (University of Chicago) \u201c<a rel=\"noreferrer noopener\" href=\"https:\/\/utexas.box.com\/s\/flw8gszl6w4b1yaix0qg3cbnx59olqqs\" target=\"_blank\">\u2018Achilles\u2019 Desire for Lament: Variations on a Theme<\/a>\u201d<\/li><li><\/li><li>Thomas Nelson (Trinity College, University of Cambridge) \u201c<a rel=\"noreferrer noopener\" href=\"https:\/\/utexas.box.com\/s\/o0vazusuygsl6v1g2f4jg0w70nzckrbu\" target=\"_blank\">Repeating the Unrepeated: Homeric <em>Hapax Legomena<\/em> in Archaic and Classical Greek Poetry<\/a>\u201d<\/li><\/ul>\n\n\n\n<p>2:30-3:45 p.m., Religion: Ray Person (Ohio Northern University), chair<\/p>\n\n\n\n<ul class=\"wp-block-list\"><li>Hanna Golab (University of Miami) \u201c<a rel=\"noreferrer noopener\" href=\"https:\/\/utexas.box.com\/s\/lw4z3lvn4a0gthmvvs3w7u224zdy3dpg\" target=\"_blank\">Cultic Songs for Asklepios \u2013 Ritual Orality Written in Stone<\/a>\u201d<\/li><li>Emily West (St. Catherine University) \u201c<a rel=\"noreferrer noopener\" href=\"https:\/\/utexas.box.com\/s\/f21vb21c2jolqwij9afgoszj6sqh9biq\" target=\"_blank\">The Flood Myth in the Ancient Near East and India: Repetition and Revision<\/a>\u201d<\/li><\/ul>\n\n\n\n<p>6:30 p.m., Conference dinner for presenters and their guests<\/p>\n\n\n\n<p class=\"has-background has-vivid-cyan-blue-background-color\"><strong>Sunday, 31 March<\/strong>\n<\/p>\n\n\n\n<p>&nbsp;&nbsp;&nbsp;&nbsp;&nbsp;&nbsp;&nbsp;&nbsp;&nbsp;&nbsp;&nbsp; 8:30-9\na.m., breakfast<\/p>\n\n\n\n<p>9-11 a.m.: Art, culture, and performance: Rabun Taylor (University of Texas at Austin), chair<\/p>\n\n\n\n<ul class=\"wp-block-list\"><li> Cassandra Donnelly (University of Texas at Austin) \u201c<a rel=\"noreferrer noopener\" href=\"https:\/\/utexas.box.com\/s\/u1jwx1kfrglscc083imqkhzlvriwk9yp\" target=\"_blank\">Mixed Literacy and Non-Scribal Writing on Bronze Age Cyprus<\/a>\u201d<\/li><li>Jasper Gaunt (Independent Scholar) \u201c<a rel=\"noreferrer noopener\" href=\"https:\/\/utexas.box.com\/s\/ednckcty3ahu4gxnes05pw9n792ek5qi\" target=\"_blank\">\u2018Homer\u2019 and the Construction of <em>arete<\/em> in Archaic Greek Art<\/a>\u201d <\/li><li>William Duffy (St. Philip\u2019s College) and Trae Wisecarver (Texas A&amp;M University) \u201c<a rel=\"noreferrer noopener\" href=\"https:\/\/utexas.box.com\/s\/fmn5zjtcz4pxa310cwnad4kglja73b9h\" target=\"_blank\">\u2018Godlike\u2019 Slams: professional wrestling as a model for shifts in epithet significance<\/a>\u201d<\/li><\/ul>\n","protected":false},"excerpt":{"rendered":"<p>Except as noted, all paper sessions and meals will take place in RLP 1.302B, University of Texas at Austin (305 East 23rd Street, Austin, TX) There is NO registration fee or advance notification required. All paper sessions are free and open to the public. Papers will be 25-30 minutes long, with 5-10 minutes for questions [&hellip;]<\/p>\n","protected":false},"author":31,"featured_media":0,"parent":0,"menu_order":0,"comment_status":"closed","ping_status":"closed","template":"","meta":{"_uag_custom_page_level_css":"","footnotes":""},"class_list":["post-92","page","type-page","status-publish","hentry","entry"],"uagb_featured_image_src":{"full":false,"thumbnail":false,"medium":false,"medium_large":false,"large":false,"1536x1536":false,"2048x2048":false,"square-image":false,"landscape-image":false,"profile-image":false,"single-featured":false,"large-profile-image":false},"uagb_author_info":{"display_name":"db27745","author_link":"https:\/\/conferences.la.utexas.edu\/orality-literacy-xiii\/author\/db27745\/"},"uagb_comment_info":0,"uagb_excerpt":"Except as noted, all paper sessions and meals will take place in RLP 1.302B, University of Texas at Austin (305 East 23rd Street, Austin, TX) There is NO registration fee or advance notification required. All paper sessions are free and open to the public. Papers will be 25-30 minutes long, with 5-10 minutes for questions&hellip;","_links":{"self":[{"href":"https:\/\/conferences.la.utexas.edu\/orality-literacy-xiii\/wp-json\/wp\/v2\/pages\/92","targetHints":{"allow":["GET"]}}],"collection":[{"href":"https:\/\/conferences.la.utexas.edu\/orality-literacy-xiii\/wp-json\/wp\/v2\/pages"}],"about":[{"href":"https:\/\/conferences.la.utexas.edu\/orality-literacy-xiii\/wp-json\/wp\/v2\/types\/page"}],"author":[{"embeddable":true,"href":"https:\/\/conferences.la.utexas.edu\/orality-literacy-xiii\/wp-json\/wp\/v2\/users\/31"}],"replies":[{"embeddable":true,"href":"https:\/\/conferences.la.utexas.edu\/orality-literacy-xiii\/wp-json\/wp\/v2\/comments?post=92"}],"version-history":[{"count":42,"href":"https:\/\/conferences.la.utexas.edu\/orality-literacy-xiii\/wp-json\/wp\/v2\/pages\/92\/revisions"}],"predecessor-version":[{"id":233,"href":"https:\/\/conferences.la.utexas.edu\/orality-literacy-xiii\/wp-json\/wp\/v2\/pages\/92\/revisions\/233"}],"wp:attachment":[{"href":"https:\/\/conferences.la.utexas.edu\/orality-literacy-xiii\/wp-json\/wp\/v2\/media?parent=92"}],"curies":[{"name":"wp","href":"https:\/\/api.w.org\/{rel}","templated":true}]}}