{"id":2537,"date":"2016-06-15T18:57:13","date_gmt":"2016-06-15T18:57:13","guid":{"rendered":"http:\/\/conferences.la.utexas.edu\/texaseusummit\/?page_id=2537"},"modified":"2017-01-10T16:07:22","modified_gmt":"2017-01-10T16:07:22","slug":"2016-summit-photos","status":"publish","type":"page","link":"https:\/\/conferences.la.utexas.edu\/texaseusummit\/2016-summit-photos\/","title":{"rendered":"2016 Summit Photos"},"content":{"rendered":"<h2><span style=\"color: #003366\">2016 Summit Photos<\/p>\n<p><\/span><\/h2>\n<h1><\/h1>\n<p><a href=\"http:\/\/conferences.la.utexas.edu\/texaseusummit\/files\/2016\/06\/Mayor.jpg\"><img loading=\"lazy\" decoding=\"async\" class=\"alignnone wp-image-2553\" src=\"http:\/\/conferences.la.utexas.edu\/texaseusummit\/files\/2016\/06\/Mayor-225x300.jpg\" alt=\"Mayor\" width=\"304\" height=\"405\" srcset=\"https:\/\/conferences.la.utexas.edu\/texaseusummit\/files\/2016\/06\/Mayor-225x300.jpg 225w, https:\/\/conferences.la.utexas.edu\/texaseusummit\/files\/2016\/06\/Mayor.jpg 720w\" sizes=\"auto, (max-width: 304px) 100vw, 304px\" \/><\/a><br \/>\nAustin Mayor, Steve Adler &#8211; Welcome Remarks<a href=\"http:\/\/conferences.la.utexas.edu\/texaseusummit\/files\/2016\/06\/Mayor.jpg\"><br \/>\n<\/a><\/p>\n<p><a href=\"http:\/\/conferences.la.utexas.edu\/texaseusummit\/files\/2016\/06\/Lambert-2.jpg\"><img loading=\"lazy\" decoding=\"async\" class=\"alignnone wp-image-2548\" src=\"http:\/\/conferences.la.utexas.edu\/texaseusummit\/files\/2016\/06\/Lambert-2-300x169.jpg\" alt=\"Lambert 2\" width=\"504\" height=\"284\" srcset=\"https:\/\/conferences.la.utexas.edu\/texaseusummit\/files\/2016\/06\/Lambert-2-300x169.jpg 300w, https:\/\/conferences.la.utexas.edu\/texaseusummit\/files\/2016\/06\/Lambert-2-768x432.jpg 768w, https:\/\/conferences.la.utexas.edu\/texaseusummit\/files\/2016\/06\/Lambert-2-1024x576.jpg 1024w, https:\/\/conferences.la.utexas.edu\/texaseusummit\/files\/2016\/06\/Lambert-2.jpg 1920w\" sizes=\"auto, (max-width: 504px) 100vw, 504px\" \/><\/a><br \/>\nThomas Lambert, Update on Transatlantic Trade Investment Partnership<\/p>\n<p><a href=\"http:\/\/conferences.la.utexas.edu\/texaseusummit\/files\/2016\/06\/Andreas-von-Uexk\u00fcll.jpg\"><img loading=\"lazy\" decoding=\"async\" class=\"wp-image-2540 alignnone\" src=\"http:\/\/conferences.la.utexas.edu\/texaseusummit\/files\/2016\/06\/Andreas-von-Uexk\u00fcll-300x169.jpg\" alt=\"Andreas von Uexk\u00fcll\" width=\"503\" height=\"284\" srcset=\"https:\/\/conferences.la.utexas.edu\/texaseusummit\/files\/2016\/06\/Andreas-von-Uexk\u00fcll-300x169.jpg 300w, https:\/\/conferences.la.utexas.edu\/texaseusummit\/files\/2016\/06\/Andreas-von-Uexk\u00fcll-768x432.jpg 768w, https:\/\/conferences.la.utexas.edu\/texaseusummit\/files\/2016\/06\/Andreas-von-Uexk\u00fcll-1024x576.jpg 1024w, https:\/\/conferences.la.utexas.edu\/texaseusummit\/files\/2016\/06\/Andreas-von-Uexk\u00fcll.jpg 1920w\" sizes=\"auto, (max-width: 503px) 100vw, 503px\" \/><\/a><strong><br \/>\n<\/strong>Nordic Countries Panel (Featuring Sweden)<br \/>\nFeatured left to right<br \/>\nNiklas Nordstr\u00f6m, Maria Rankka, Astrid Marklund and Andreas von Uexk\u00fcll<\/p>\n<p><a href=\"http:\/\/conferences.la.utexas.edu\/texaseusummit\/files\/2016\/06\/Astrid-Marklund.jpg\"><img loading=\"lazy\" decoding=\"async\" class=\"alignnone wp-image-2541\" src=\"http:\/\/conferences.la.utexas.edu\/texaseusummit\/files\/2016\/06\/Astrid-Marklund-300x169.jpg\" alt=\"Astrid Marklund\" width=\"501\" height=\"282\" srcset=\"https:\/\/conferences.la.utexas.edu\/texaseusummit\/files\/2016\/06\/Astrid-Marklund-300x169.jpg 300w, https:\/\/conferences.la.utexas.edu\/texaseusummit\/files\/2016\/06\/Astrid-Marklund-768x432.jpg 768w, https:\/\/conferences.la.utexas.edu\/texaseusummit\/files\/2016\/06\/Astrid-Marklund-1024x576.jpg 1024w, https:\/\/conferences.la.utexas.edu\/texaseusummit\/files\/2016\/06\/Astrid-Marklund.jpg 1920w\" sizes=\"auto, (max-width: 501px) 100vw, 501px\" \/><\/a><strong><br \/>\n<\/strong>Nordic Countries Panel (Featuring Sweden)<br \/>\nFeatured left to right<br \/>\nAndreas von Uexk\u00fcll, Niklas Nordstr\u00f6m, Maria Rankka,\u00a0 and Astrid Marklund<\/p>\n<p><strong> <a href=\"http:\/\/conferences.la.utexas.edu\/texaseusummit\/files\/2016\/06\/Rankka.jpg\"><img loading=\"lazy\" decoding=\"async\" class=\"alignnone wp-image-2556\" src=\"http:\/\/conferences.la.utexas.edu\/texaseusummit\/files\/2016\/06\/Rankka-300x169.jpg\" alt=\"Rankka\" width=\"501\" height=\"282\" srcset=\"https:\/\/conferences.la.utexas.edu\/texaseusummit\/files\/2016\/06\/Rankka-300x169.jpg 300w, https:\/\/conferences.la.utexas.edu\/texaseusummit\/files\/2016\/06\/Rankka-768x432.jpg 768w, https:\/\/conferences.la.utexas.edu\/texaseusummit\/files\/2016\/06\/Rankka-1024x576.jpg 1024w, https:\/\/conferences.la.utexas.edu\/texaseusummit\/files\/2016\/06\/Rankka.jpg 1920w\" sizes=\"auto, (max-width: 501px) 100vw, 501px\" \/><\/a><br \/>\n<\/strong>Nordic Countries Panel (Featuring Sweden)<strong><br \/>\n<\/strong>Maria Rankka<strong><br \/>\n<\/strong><\/p>\n<p><a href=\"http:\/\/conferences.la.utexas.edu\/texaseusummit\/files\/2016\/06\/Elena-Sgarbi.jpg\"><img loading=\"lazy\" decoding=\"async\" class=\"alignnone wp-image-2545\" src=\"http:\/\/conferences.la.utexas.edu\/texaseusummit\/files\/2016\/06\/Elena-Sgarbi-300x169.jpg\" alt=\"Elena Sgarbi\" width=\"499\" height=\"281\" srcset=\"https:\/\/conferences.la.utexas.edu\/texaseusummit\/files\/2016\/06\/Elena-Sgarbi-300x169.jpg 300w, https:\/\/conferences.la.utexas.edu\/texaseusummit\/files\/2016\/06\/Elena-Sgarbi-768x432.jpg 768w, https:\/\/conferences.la.utexas.edu\/texaseusummit\/files\/2016\/06\/Elena-Sgarbi-1024x576.jpg 1024w, https:\/\/conferences.la.utexas.edu\/texaseusummit\/files\/2016\/06\/Elena-Sgarbi.jpg 1920w\" sizes=\"auto, (max-width: 499px) 100vw, 499px\" \/><\/a><br \/>\nEU Access I &#8211; Emerging Opportunities in Southern Europe Panel<br \/>\nElena Sgarbi<\/p>\n<p><a href=\"http:\/\/conferences.la.utexas.edu\/texaseusummit\/files\/2016\/06\/Gutierrez.jpg\"><img loading=\"lazy\" decoding=\"async\" class=\"alignnone wp-image-2547\" src=\"http:\/\/conferences.la.utexas.edu\/texaseusummit\/files\/2016\/06\/Gutierrez-300x169.jpg\" alt=\"Gutierrez\" width=\"499\" height=\"281\" srcset=\"https:\/\/conferences.la.utexas.edu\/texaseusummit\/files\/2016\/06\/Gutierrez-300x169.jpg 300w, https:\/\/conferences.la.utexas.edu\/texaseusummit\/files\/2016\/06\/Gutierrez-768x432.jpg 768w, https:\/\/conferences.la.utexas.edu\/texaseusummit\/files\/2016\/06\/Gutierrez-1024x576.jpg 1024w, https:\/\/conferences.la.utexas.edu\/texaseusummit\/files\/2016\/06\/Gutierrez.jpg 1920w\" sizes=\"auto, (max-width: 499px) 100vw, 499px\" \/><\/a><br \/>\nEU Access I &#8211; Emerging Opportunities in Southern Europe Panel<br \/>\nInmaculada Guti\u00e9rrez<\/p>\n<p><a href=\"http:\/\/conferences.la.utexas.edu\/texaseusummit\/files\/2016\/06\/EU-Market-Access-II-Panel.jpg\"><img loading=\"lazy\" decoding=\"async\" class=\"alignnone wp-image-2570\" src=\"http:\/\/conferences.la.utexas.edu\/texaseusummit\/files\/2016\/06\/EU-Market-Access-II-Panel-300x169.jpg\" alt=\"EU Market Access II Panel\" width=\"499\" height=\"281\" srcset=\"https:\/\/conferences.la.utexas.edu\/texaseusummit\/files\/2016\/06\/EU-Market-Access-II-Panel-300x169.jpg 300w, https:\/\/conferences.la.utexas.edu\/texaseusummit\/files\/2016\/06\/EU-Market-Access-II-Panel-768x432.jpg 768w, https:\/\/conferences.la.utexas.edu\/texaseusummit\/files\/2016\/06\/EU-Market-Access-II-Panel.jpg 960w\" sizes=\"auto, (max-width: 499px) 100vw, 499px\" \/><\/a><br \/>\nEU Access II &#8211; Market Challenges and Opportunities<br \/>\nFeatured left to right<br \/>\nYves Dubus, Adrian Farrell, Georges Schmit, Warren Weeks and Robert Dean<\/p>\n<p><a href=\"http:\/\/conferences.la.utexas.edu\/texaseusummit\/files\/2016\/06\/Sherman.jpg\"><img loading=\"lazy\" decoding=\"async\" class=\"alignnone wp-image-2558\" src=\"http:\/\/conferences.la.utexas.edu\/texaseusummit\/files\/2016\/06\/Sherman-300x169.jpg\" alt=\"Sherman\" width=\"497\" height=\"280\" srcset=\"https:\/\/conferences.la.utexas.edu\/texaseusummit\/files\/2016\/06\/Sherman-300x169.jpg 300w, https:\/\/conferences.la.utexas.edu\/texaseusummit\/files\/2016\/06\/Sherman-768x432.jpg 768w, https:\/\/conferences.la.utexas.edu\/texaseusummit\/files\/2016\/06\/Sherman-1024x576.jpg 1024w, https:\/\/conferences.la.utexas.edu\/texaseusummit\/files\/2016\/06\/Sherman.jpg 1920w\" sizes=\"auto, (max-width: 497px) 100vw, 497px\" \/><\/a><br \/>\nRobert Sherman &#8211; Lunch Keynote &#8211; Entrepreneurship and the Transatlantic Economy<\/p>\n<p><a href=\"http:\/\/conferences.la.utexas.edu\/texaseusummit\/files\/2016\/06\/Georges-Schmit.jpg\"><img loading=\"lazy\" decoding=\"async\" class=\"alignnone wp-image-2543\" src=\"http:\/\/conferences.la.utexas.edu\/texaseusummit\/files\/2016\/06\/Caroline-Vicini-300x169.jpg\" alt=\"Caroline Vicini\" width=\"495\" height=\"279\" srcset=\"https:\/\/conferences.la.utexas.edu\/texaseusummit\/files\/2016\/06\/Caroline-Vicini-300x169.jpg 300w, https:\/\/conferences.la.utexas.edu\/texaseusummit\/files\/2016\/06\/Caroline-Vicini-768x432.jpg 768w, https:\/\/conferences.la.utexas.edu\/texaseusummit\/files\/2016\/06\/Caroline-Vicini-1024x576.jpg 1024w, https:\/\/conferences.la.utexas.edu\/texaseusummit\/files\/2016\/06\/Caroline-Vicini.jpg 1920w\" sizes=\"auto, (max-width: 495px) 100vw, 495px\" \/><br \/>\n<\/a>Caroline Vicini, Lunch Keynote &#8211; State of the EU<\/p>\n<p><a href=\"http:\/\/conferences.la.utexas.edu\/texaseusummit\/files\/2016\/06\/Sherman-and-Vicini.jpg\"><img loading=\"lazy\" decoding=\"async\" class=\"alignnone wp-image-2557\" src=\"http:\/\/conferences.la.utexas.edu\/texaseusummit\/files\/2016\/06\/Sherman-and-Vicini-300x225.jpg\" alt=\"Sherman and Vicini\" width=\"490\" height=\"368\" srcset=\"https:\/\/conferences.la.utexas.edu\/texaseusummit\/files\/2016\/06\/Sherman-and-Vicini-300x225.jpg 300w, https:\/\/conferences.la.utexas.edu\/texaseusummit\/files\/2016\/06\/Sherman-and-Vicini-768x576.jpg 768w, https:\/\/conferences.la.utexas.edu\/texaseusummit\/files\/2016\/06\/Sherman-and-Vicini.jpg 960w\" sizes=\"auto, (max-width: 490px) 100vw, 490px\" \/><\/a><br \/>\nFeatured left to right &#8211; Robert Sherman and Caroline Vicini<\/p>\n<p><a href=\"http:\/\/conferences.la.utexas.edu\/texaseusummit\/files\/2016\/06\/crowd.jpg\"><img loading=\"lazy\" decoding=\"async\" class=\"alignnone wp-image-2544\" src=\"http:\/\/conferences.la.utexas.edu\/texaseusummit\/files\/2016\/06\/crowd-300x169.jpg\" alt=\"crowd\" width=\"486\" height=\"274\" srcset=\"https:\/\/conferences.la.utexas.edu\/texaseusummit\/files\/2016\/06\/crowd-300x169.jpg 300w, https:\/\/conferences.la.utexas.edu\/texaseusummit\/files\/2016\/06\/crowd-768x432.jpg 768w, https:\/\/conferences.la.utexas.edu\/texaseusummit\/files\/2016\/06\/crowd-1024x576.jpg 1024w, https:\/\/conferences.la.utexas.edu\/texaseusummit\/files\/2016\/06\/crowd.jpg 1920w\" sizes=\"auto, (max-width: 486px) 100vw, 486px\" \/><br \/>\n<\/a>Summit Participants<a href=\"http:\/\/conferences.la.utexas.edu\/texaseusummit\/files\/2016\/06\/crowd.jpg\"><br \/>\n<\/a><\/p>\n<p><a href=\"http:\/\/conferences.la.utexas.edu\/texaseusummit\/files\/2016\/06\/Lunch.jpg\"><img loading=\"lazy\" decoding=\"async\" class=\"alignnone wp-image-2549\" src=\"http:\/\/conferences.la.utexas.edu\/texaseusummit\/files\/2016\/06\/Lunch-300x225.jpg\" alt=\"Lunch\" width=\"487\" height=\"365\" srcset=\"https:\/\/conferences.la.utexas.edu\/texaseusummit\/files\/2016\/06\/Lunch-300x225.jpg 300w, https:\/\/conferences.la.utexas.edu\/texaseusummit\/files\/2016\/06\/Lunch-768x576.jpg 768w, https:\/\/conferences.la.utexas.edu\/texaseusummit\/files\/2016\/06\/Lunch.jpg 960w\" sizes=\"auto, (max-width: 487px) 100vw, 487px\" \/><\/a><br \/>\nSummit Participants<\/p>\n<p><a href=\"http:\/\/conferences.la.utexas.edu\/texaseusummit\/files\/2016\/06\/Marklund-and-Vicini.jpg\"><img loading=\"lazy\" decoding=\"async\" class=\"alignnone wp-image-2551\" src=\"http:\/\/conferences.la.utexas.edu\/texaseusummit\/files\/2016\/06\/Marklund-and-Vicini-300x225.jpg\" alt=\"Marklund and Vicini\" width=\"489\" height=\"367\" srcset=\"https:\/\/conferences.la.utexas.edu\/texaseusummit\/files\/2016\/06\/Marklund-and-Vicini-300x225.jpg 300w, https:\/\/conferences.la.utexas.edu\/texaseusummit\/files\/2016\/06\/Marklund-and-Vicini-768x576.jpg 768w, https:\/\/conferences.la.utexas.edu\/texaseusummit\/files\/2016\/06\/Marklund-and-Vicini.jpg 960w\" sizes=\"auto, (max-width: 489px) 100vw, 489px\" \/><\/a><br \/>\nFeatured left to right &#8211; Caroline Vicini and Astrid Marklund<\/p>\n<p><a href=\"http:\/\/conferences.la.utexas.edu\/texaseusummit\/files\/2016\/06\/Bill-and-Farrell.jpg\"><img loading=\"lazy\" decoding=\"async\" class=\"alignnone wp-image-2542\" src=\"http:\/\/conferences.la.utexas.edu\/texaseusummit\/files\/2016\/06\/Bill-and-Farrell-300x225.jpg\" alt=\"Bill and Farrell\" width=\"489\" height=\"367\" srcset=\"https:\/\/conferences.la.utexas.edu\/texaseusummit\/files\/2016\/06\/Bill-and-Farrell-300x225.jpg 300w, https:\/\/conferences.la.utexas.edu\/texaseusummit\/files\/2016\/06\/Bill-and-Farrell-768x576.jpg 768w, https:\/\/conferences.la.utexas.edu\/texaseusummit\/files\/2016\/06\/Bill-and-Farrell-1024x768.jpg 1024w\" sizes=\"auto, (max-width: 489px) 100vw, 489px\" \/><br \/>\n<\/a>Featured left to right &#8211; Bill Louden and Adrian Farrell<\/p>\n<p><a href=\"http:\/\/conferences.la.utexas.edu\/texaseusummit\/files\/2016\/06\/participants.jpg\"><img loading=\"lazy\" decoding=\"async\" class=\"alignnone wp-image-2555\" src=\"http:\/\/conferences.la.utexas.edu\/texaseusummit\/files\/2016\/06\/participants-300x169.jpg\" alt=\"participants\" width=\"492\" height=\"277\" srcset=\"https:\/\/conferences.la.utexas.edu\/texaseusummit\/files\/2016\/06\/participants-300x169.jpg 300w, https:\/\/conferences.la.utexas.edu\/texaseusummit\/files\/2016\/06\/participants-768x432.jpg 768w, https:\/\/conferences.la.utexas.edu\/texaseusummit\/files\/2016\/06\/participants-1024x576.jpg 1024w, https:\/\/conferences.la.utexas.edu\/texaseusummit\/files\/2016\/06\/participants.jpg 1920w\" sizes=\"auto, (max-width: 492px) 100vw, 492px\" \/><\/a><br \/>\nSummit Participants<\/p>\n<p><img loading=\"lazy\" decoding=\"async\" class=\"alignnone wp-image-2550\" src=\"http:\/\/conferences.la.utexas.edu\/texaseusummit\/files\/2016\/06\/Marklund-and-Sgarbi-300x225.jpg\" alt=\"Marklund and Sgarbi\" width=\"493\" height=\"370\" srcset=\"https:\/\/conferences.la.utexas.edu\/texaseusummit\/files\/2016\/06\/Marklund-and-Sgarbi-300x225.jpg 300w, https:\/\/conferences.la.utexas.edu\/texaseusummit\/files\/2016\/06\/Marklund-and-Sgarbi-768x576.jpg 768w, https:\/\/conferences.la.utexas.edu\/texaseusummit\/files\/2016\/06\/Marklund-and-Sgarbi.jpg 960w\" sizes=\"auto, (max-width: 493px) 100vw, 493px\" \/><br \/>\nFeatured left to right &#8211; Summit Participant, Astrid Marklund and Elena Sgarbi<\/p>\n<p><a href=\"http:\/\/conferences.la.utexas.edu\/texaseusummit\/files\/2016\/06\/von-Uexk\u00fcll-1.jpg\"><img loading=\"lazy\" decoding=\"async\" class=\"alignnone wp-image-2565\" src=\"http:\/\/conferences.la.utexas.edu\/texaseusummit\/files\/2016\/06\/von-Uexk\u00fcll-1-300x169.jpg\" alt=\"von Uexk\u00fcll 1\" width=\"492\" height=\"277\" srcset=\"https:\/\/conferences.la.utexas.edu\/texaseusummit\/files\/2016\/06\/von-Uexk\u00fcll-1-300x169.jpg 300w, https:\/\/conferences.la.utexas.edu\/texaseusummit\/files\/2016\/06\/von-Uexk\u00fcll-1-768x432.jpg 768w, https:\/\/conferences.la.utexas.edu\/texaseusummit\/files\/2016\/06\/von-Uexk\u00fcll-1-1024x576.jpg 1024w, https:\/\/conferences.la.utexas.edu\/texaseusummit\/files\/2016\/06\/von-Uexk\u00fcll-1.jpg 1920w\" sizes=\"auto, (max-width: 492px) 100vw, 492px\" \/><br \/>\n<\/a>Summit Participants<\/p>\n<p><a href=\"http:\/\/conferences.la.utexas.edu\/texaseusummit\/files\/2016\/06\/Mayor-And-Vicini.jpg\"><img loading=\"lazy\" decoding=\"async\" class=\"alignnone wp-image-2552\" src=\"http:\/\/conferences.la.utexas.edu\/texaseusummit\/files\/2016\/06\/Mayor-And-Vicini-300x225.jpg\" alt=\"Mayor And Vicini\" width=\"493\" height=\"370\" srcset=\"https:\/\/conferences.la.utexas.edu\/texaseusummit\/files\/2016\/06\/Mayor-And-Vicini-300x225.jpg 300w, https:\/\/conferences.la.utexas.edu\/texaseusummit\/files\/2016\/06\/Mayor-And-Vicini-768x576.jpg 768w, https:\/\/conferences.la.utexas.edu\/texaseusummit\/files\/2016\/06\/Mayor-And-Vicini.jpg 960w\" sizes=\"auto, (max-width: 493px) 100vw, 493px\" \/><\/a><br \/>\nFeatured left to right &#8211; Steve Adler and Caroline Vicini<\/p>\n<p><a href=\"http:\/\/conferences.la.utexas.edu\/texaseusummit\/files\/2016\/06\/Mortda-Mayor-Farrell-and-Vicini.jpg\"><img loading=\"lazy\" decoding=\"async\" class=\"alignnone wp-image-2554\" src=\"http:\/\/conferences.la.utexas.edu\/texaseusummit\/files\/2016\/06\/Mortda-Mayor-Farrell-and-Vicini-300x225.jpg\" alt=\"Mortda, Mayor, Farrell and Vicini\" width=\"492\" height=\"369\" srcset=\"https:\/\/conferences.la.utexas.edu\/texaseusummit\/files\/2016\/06\/Mortda-Mayor-Farrell-and-Vicini-300x225.jpg 300w, https:\/\/conferences.la.utexas.edu\/texaseusummit\/files\/2016\/06\/Mortda-Mayor-Farrell-and-Vicini-768x576.jpg 768w, https:\/\/conferences.la.utexas.edu\/texaseusummit\/files\/2016\/06\/Mortda-Mayor-Farrell-and-Vicini.jpg 960w\" sizes=\"auto, (max-width: 492px) 100vw, 492px\" \/><\/a><br \/>\nFeatured left to right &#8211; Mortada Mohamed, Steve Adler, Caroline Vicini and Adrian Farrell<\/p>\n<p><a href=\"http:\/\/conferences.la.utexas.edu\/texaseusummit\/files\/2016\/06\/Participants-1.jpg\"><img loading=\"lazy\" decoding=\"async\" class=\"alignnone wp-image-2573\" src=\"http:\/\/conferences.la.utexas.edu\/texaseusummit\/files\/2016\/06\/Participants-1-300x169.jpg\" alt=\"Participants 1\" width=\"493\" height=\"278\" srcset=\"https:\/\/conferences.la.utexas.edu\/texaseusummit\/files\/2016\/06\/Participants-1-300x169.jpg 300w, https:\/\/conferences.la.utexas.edu\/texaseusummit\/files\/2016\/06\/Participants-1-768x432.jpg 768w, https:\/\/conferences.la.utexas.edu\/texaseusummit\/files\/2016\/06\/Participants-1.jpg 960w\" sizes=\"auto, (max-width: 493px) 100vw, 493px\" \/><br \/>\n<\/a>Summit Participants<\/p>\n<p>&nbsp;<\/p>\n<p>Texas-EU Interactive Trade Forum<\/p>\n<p><a href=\"http:\/\/conferences.la.utexas.edu\/texaseusummit\/files\/2016\/06\/Trade-forum-2.jpg\"><img loading=\"lazy\" decoding=\"async\" class=\"wp-image-2560 alignnone\" src=\"http:\/\/conferences.la.utexas.edu\/texaseusummit\/files\/2016\/06\/Trade-forum-2-300x169.jpg\" alt=\"Trade forum 2\" width=\"492\" height=\"277\" srcset=\"https:\/\/conferences.la.utexas.edu\/texaseusummit\/files\/2016\/06\/Trade-forum-2-300x169.jpg 300w, https:\/\/conferences.la.utexas.edu\/texaseusummit\/files\/2016\/06\/Trade-forum-2-768x432.jpg 768w, https:\/\/conferences.la.utexas.edu\/texaseusummit\/files\/2016\/06\/Trade-forum-2-1024x576.jpg 1024w, https:\/\/conferences.la.utexas.edu\/texaseusummit\/files\/2016\/06\/Trade-forum-2.jpg 1920w\" sizes=\"auto, (max-width: 492px) 100vw, 492px\" \/><\/a><\/p>\n<p><a href=\"http:\/\/conferences.la.utexas.edu\/texaseusummit\/files\/2016\/06\/Trade-Forum-4.jpg\"><img loading=\"lazy\" decoding=\"async\" class=\"alignnone wp-image-2562\" src=\"http:\/\/conferences.la.utexas.edu\/texaseusummit\/files\/2016\/06\/Trade-Forum-4-300x169.jpg\" alt=\"Trade Forum 4\" width=\"492\" height=\"277\" srcset=\"https:\/\/conferences.la.utexas.edu\/texaseusummit\/files\/2016\/06\/Trade-Forum-4-300x169.jpg 300w, https:\/\/conferences.la.utexas.edu\/texaseusummit\/files\/2016\/06\/Trade-Forum-4-768x432.jpg 768w, https:\/\/conferences.la.utexas.edu\/texaseusummit\/files\/2016\/06\/Trade-Forum-4-1024x576.jpg 1024w, https:\/\/conferences.la.utexas.edu\/texaseusummit\/files\/2016\/06\/Trade-Forum-4.jpg 1920w\" sizes=\"auto, (max-width: 492px) 100vw, 492px\" \/><\/a><\/p>\n<p><a href=\"http:\/\/conferences.la.utexas.edu\/texaseusummit\/files\/2016\/06\/Trade-forum.jpg\"><img loading=\"lazy\" decoding=\"async\" class=\"alignnone wp-image-2563\" src=\"http:\/\/conferences.la.utexas.edu\/texaseusummit\/files\/2016\/06\/Trade-forum-300x169.jpg\" alt=\"Trade forum\" width=\"493\" height=\"278\" srcset=\"https:\/\/conferences.la.utexas.edu\/texaseusummit\/files\/2016\/06\/Trade-forum-300x169.jpg 300w, https:\/\/conferences.la.utexas.edu\/texaseusummit\/files\/2016\/06\/Trade-forum-768x432.jpg 768w, https:\/\/conferences.la.utexas.edu\/texaseusummit\/files\/2016\/06\/Trade-forum-1024x576.jpg 1024w, https:\/\/conferences.la.utexas.edu\/texaseusummit\/files\/2016\/06\/Trade-forum.jpg 1920w\" sizes=\"auto, (max-width: 493px) 100vw, 493px\" \/><\/a><\/p>\n<p><a href=\"http:\/\/conferences.la.utexas.edu\/texaseusummit\/files\/2016\/06\/Trade-Forum-3.jpg\"><img loading=\"lazy\" decoding=\"async\" class=\"alignnone wp-image-2561\" src=\"http:\/\/conferences.la.utexas.edu\/texaseusummit\/files\/2016\/06\/Trade-Forum-3-300x169.jpg\" alt=\"Trade Forum 3\" width=\"492\" height=\"277\" srcset=\"https:\/\/conferences.la.utexas.edu\/texaseusummit\/files\/2016\/06\/Trade-Forum-3-300x169.jpg 300w, https:\/\/conferences.la.utexas.edu\/texaseusummit\/files\/2016\/06\/Trade-Forum-3-768x432.jpg 768w, https:\/\/conferences.la.utexas.edu\/texaseusummit\/files\/2016\/06\/Trade-Forum-3-1024x576.jpg 1024w, https:\/\/conferences.la.utexas.edu\/texaseusummit\/files\/2016\/06\/Trade-Forum-3.jpg 1920w\" sizes=\"auto, (max-width: 492px) 100vw, 492px\" \/><\/a><\/p>\n<p><a href=\"http:\/\/conferences.la.utexas.edu\/texaseusummit\/files\/2016\/06\/Trade-Forum-5.jpg\"><img loading=\"lazy\" decoding=\"async\" class=\"alignnone wp-image-2571\" src=\"http:\/\/conferences.la.utexas.edu\/texaseusummit\/files\/2016\/06\/Trade-Forum-5-300x169.jpg\" alt=\"Trade Forum 5\" width=\"490\" height=\"276\" srcset=\"https:\/\/conferences.la.utexas.edu\/texaseusummit\/files\/2016\/06\/Trade-Forum-5-300x169.jpg 300w, https:\/\/conferences.la.utexas.edu\/texaseusummit\/files\/2016\/06\/Trade-Forum-5-768x432.jpg 768w, https:\/\/conferences.la.utexas.edu\/texaseusummit\/files\/2016\/06\/Trade-Forum-5.jpg 960w\" sizes=\"auto, (max-width: 490px) 100vw, 490px\" \/><\/a> <a href=\"http:\/\/conferences.la.utexas.edu\/texaseusummit\/files\/2016\/06\/Trade-forum-6.jpg\"><img loading=\"lazy\" decoding=\"async\" class=\"alignnone wp-image-2572\" src=\"http:\/\/conferences.la.utexas.edu\/texaseusummit\/files\/2016\/06\/Trade-forum-6-300x169.jpg\" alt=\"Trade forum 6\" width=\"490\" height=\"276\" srcset=\"https:\/\/conferences.la.utexas.edu\/texaseusummit\/files\/2016\/06\/Trade-forum-6-300x169.jpg 300w, https:\/\/conferences.la.utexas.edu\/texaseusummit\/files\/2016\/06\/Trade-forum-6-768x432.jpg 768w, https:\/\/conferences.la.utexas.edu\/texaseusummit\/files\/2016\/06\/Trade-forum-6.jpg 960w\" sizes=\"auto, (max-width: 490px) 100vw, 490px\" \/><\/a><\/p>\n","protected":false},"excerpt":{"rendered":"<p>2016 Summit Photos Austin Mayor, Steve Adler &#8211; Welcome Remarks Thomas Lambert, Update on Transatlantic Trade Investment Partnership Nordic Countries Panel (Featuring Sweden) Featured left to right Niklas Nordstr\u00f6m, Maria Rankka, Astrid Marklund and Andreas von Uexk\u00fcll Nordic Countries Panel (Featuring Sweden) Featured left to right Andreas von Uexk\u00fcll, Niklas Nordstr\u00f6m, Maria Rankka,\u00a0 and Astrid [&hellip;]<\/p>\n","protected":false},"author":22,"featured_media":0,"parent":0,"menu_order":25,"comment_status":"closed","ping_status":"closed","template":"","meta":{"_uag_custom_page_level_css":"","footnotes":""},"class_list":["post-2537","page","type-page","status-publish","hentry","entry"],"uagb_featured_image_src":{"full":false,"thumbnail":false,"medium":false,"medium_large":false,"large":false,"1536x1536":false,"2048x2048":false,"grid-thumbnail":false},"uagb_author_info":{"display_name":"rschneid","author_link":"https:\/\/conferences.la.utexas.edu\/texaseusummit\/author\/rschneid\/"},"uagb_comment_info":0,"uagb_excerpt":"2016 Summit Photos Austin Mayor, Steve Adler &#8211; Welcome Remarks Thomas Lambert, Update on Transatlantic Trade Investment Partnership Nordic Countries Panel (Featuring Sweden) Featured left to right Niklas Nordstr\u00f6m, Maria Rankka, Astrid Marklund and Andreas von Uexk\u00fcll Nordic Countries Panel (Featuring Sweden) Featured left to right Andreas von Uexk\u00fcll, Niklas Nordstr\u00f6m, Maria Rankka,\u00a0 and Astrid&hellip;","_links":{"self":[{"href":"https:\/\/conferences.la.utexas.edu\/texaseusummit\/wp-json\/wp\/v2\/pages\/2537","targetHints":{"allow":["GET"]}}],"collection":[{"href":"https:\/\/conferences.la.utexas.edu\/texaseusummit\/wp-json\/wp\/v2\/pages"}],"about":[{"href":"https:\/\/conferences.la.utexas.edu\/texaseusummit\/wp-json\/wp\/v2\/types\/page"}],"author":[{"embeddable":true,"href":"https:\/\/conferences.la.utexas.edu\/texaseusummit\/wp-json\/wp\/v2\/users\/22"}],"replies":[{"embeddable":true,"href":"https:\/\/conferences.la.utexas.edu\/texaseusummit\/wp-json\/wp\/v2\/comments?post=2537"}],"version-history":[{"count":13,"href":"https:\/\/conferences.la.utexas.edu\/texaseusummit\/wp-json\/wp\/v2\/pages\/2537\/revisions"}],"predecessor-version":[{"id":2621,"href":"https:\/\/conferences.la.utexas.edu\/texaseusummit\/wp-json\/wp\/v2\/pages\/2537\/revisions\/2621"}],"wp:attachment":[{"href":"https:\/\/conferences.la.utexas.edu\/texaseusummit\/wp-json\/wp\/v2\/media?parent=2537"}],"curies":[{"name":"wp","href":"https:\/\/api.w.org\/{rel}","templated":true}]}}